{"id":3,"date":"2025-06-12T21:11:39","date_gmt":"2025-06-12T21:11:39","guid":{"rendered":"http:\/\/fiboya.com\/?page_id=3"},"modified":"2025-07-26T22:35:40","modified_gmt":"2025-07-26T22:35:40","slug":"privacy-policy","status":"publish","type":"page","link":"https:\/\/fiboya.com\/fi\/privacy-policy\/","title":{"rendered":"Privacy Policy || Tietosuojak\u00e4yt\u00e4nt\u00f6"},"content":{"rendered":"<div data-elementor-type=\"wp-page\" data-elementor-id=\"3\" class=\"elementor elementor-3\">\n\t\t\t\t<div class=\"elementor-element elementor-element-9e07d9e e-flex e-con-boxed e-con e-parent\" data-id=\"9e07d9e\" data-element_type=\"container\">\n\t\t\t\t\t<div class=\"e-con-inner\">\n\t\t<div class=\"elementor-element elementor-element-3d20ae1 e-con-full e-flex e-con e-child\" data-id=\"3d20ae1\" data-element_type=\"container\">\n\t\t\t\t<div class=\"elementor-element elementor-element-5b733c8 elementor-widget elementor-widget-text-editor\" data-id=\"5b733c8\" data-element_type=\"widget\" data-widget_type=\"text-editor.default\">\n\t\t\t\t<div class=\"elementor-widget-container\">\n\t\t\t\t\t\t\t\t\t<h3 data-start=\"345\" data-end=\"392\"><img decoding=\"async\" class=\"emoji\" role=\"img\" draggable=\"false\" src=\"https:\/\/s.w.org\/images\/core\/emoji\/16.0.1\/svg\/1f4c4.svg\" alt=\"\ud83d\udcc4\" \/>\u00a0<strong data-start=\"352\" data-end=\"390\">Policies: Privacy, Terms &amp; Returns<\/strong><\/h3>\n<h4 data-start=\"394\" data-end=\"418\"><img decoding=\"async\" class=\"emoji\" role=\"img\" draggable=\"false\" src=\"https:\/\/s.w.org\/images\/core\/emoji\/16.0.1\/svg\/1f510.svg\" alt=\"\ud83d\udd10\" \/>\u00a0Privacy Policy<\/h4>\n<p data-start=\"419\" data-end=\"599\">At\u00a0<strong data-start=\"422\" data-end=\"446\">Fiboya Eco Creations<\/strong>, your privacy is important to us. We are committed to protecting your personal data and complying with the EU General Data Protection Regulation (GDPR).<\/p>\n<p data-start=\"601\" data-end=\"648\">We collect only necessary information when you:<\/p>\n<ul data-start=\"649\" data-end=\"714\">\n<li data-start=\"649\" data-end=\"667\">\n<p data-start=\"651\" data-end=\"667\">Place an order<\/p>\n<\/li>\n<li data-start=\"668\" data-end=\"699\">\n<p data-start=\"670\" data-end=\"699\">Subscribe to our newsletter<\/p>\n<\/li>\n<li data-start=\"700\" data-end=\"714\">\n<p data-start=\"702\" data-end=\"714\">Contact us<\/p>\n<\/li>\n<\/ul>\n<p data-start=\"716\" data-end=\"803\">This may include your name, email, phone number, delivery address, and payment details.<\/p>\n<p data-start=\"805\" data-end=\"963\">We\u00a0<strong data-start=\"808\" data-end=\"851\">do not share or sell your personal data<\/strong>\u00a0to any third party except those required to complete your order (e.g., delivery providers, payment gateways).<\/p>\n<p data-start=\"965\" data-end=\"987\">You have the right to:<\/p>\n<ul data-start=\"988\" data-end=\"1100\">\n<li data-start=\"988\" data-end=\"1019\">\n<p data-start=\"990\" data-end=\"1019\">Access or correct your data<\/p>\n<\/li>\n<li data-start=\"1020\" data-end=\"1057\">\n<p data-start=\"1022\" data-end=\"1057\">Withdraw your consent at any time<\/p>\n<\/li>\n<li data-start=\"1058\" data-end=\"1100\">\n<p data-start=\"1060\" data-end=\"1100\">Request deletion of your personal data<\/p>\n<\/li>\n<\/ul>\n<p data-start=\"1102\" data-end=\"1162\"><img decoding=\"async\" class=\"emoji\" role=\"img\" draggable=\"false\" src=\"https:\/\/s.w.org\/images\/core\/emoji\/16.0.1\/svg\/1f4e7.svg\" alt=\"\ud83d\udce7\" \/>\u00a0For privacy questions, contact us at:\u00a0<strong data-start=\"1143\" data-end=\"1162\"><a class=\"cursor-pointer\" rel=\"noopener\" data-start=\"1145\" data-end=\"1160\">info@fiboya.com<\/a><\/strong><\/p>\n<hr data-start=\"1164\" data-end=\"1167\" \/>\n<h4 data-start=\"1169\" data-end=\"1197\"><img decoding=\"async\" class=\"emoji\" role=\"img\" draggable=\"false\" src=\"https:\/\/s.w.org\/images\/core\/emoji\/16.0.1\/svg\/1f4dc.svg\" alt=\"\ud83d\udcdc\" \/>\u00a0Terms &amp; Conditions<\/h4>\n<p data-start=\"1198\" data-end=\"1247\">By placing an order on our website, you agree to:<\/p>\n<ul data-start=\"1248\" data-end=\"1402\">\n<li data-start=\"1248\" data-end=\"1285\">\n<p data-start=\"1250\" data-end=\"1285\">Provide accurate shipping details<\/p>\n<\/li>\n<li data-start=\"1286\" data-end=\"1350\">\n<p data-start=\"1288\" data-end=\"1350\">Accept responsibility for any customs duties (if applicable)<\/p>\n<\/li>\n<li data-start=\"1351\" data-end=\"1402\">\n<p data-start=\"1353\" data-end=\"1402\">Not misuse or copy our products or site content<\/p>\n<\/li>\n<\/ul>\n<p data-start=\"1404\" data-end=\"1459\">We reserve the right to modify these terms at any time.<\/p>\n<hr data-start=\"1461\" data-end=\"1464\" \/>\n<h4 data-start=\"1466\" data-end=\"1498\"><img decoding=\"async\" class=\"emoji\" role=\"img\" draggable=\"false\" src=\"https:\/\/s.w.org\/images\/core\/emoji\/16.0.1\/svg\/1f504.svg\" alt=\"\ud83d\udd04\" \/>\u00a0Return &amp; Refund Policy<\/h4>\n<p data-start=\"1499\" data-end=\"1571\">We accept returns within\u00a0<strong data-start=\"1524\" data-end=\"1535\">14 days<\/strong>\u00a0of delivery under these conditions:<\/p>\n<ul data-start=\"1572\" data-end=\"1739\">\n<li data-start=\"1572\" data-end=\"1624\">\n<p data-start=\"1574\" data-end=\"1624\">Product must be unused and in original packaging<\/p>\n<\/li>\n<li data-start=\"1625\" data-end=\"1681\">\n<p data-start=\"1627\" data-end=\"1681\">Return shipping costs are the buyer\u2019s responsibility<\/p>\n<\/li>\n<li data-start=\"1682\" data-end=\"1739\">\n<p data-start=\"1684\" data-end=\"1739\">Refunds are issued after we receive the returned item<\/p>\n<\/li>\n<\/ul>\n<p data-start=\"1741\" data-end=\"1791\"><img decoding=\"async\" class=\"emoji\" role=\"img\" draggable=\"false\" src=\"https:\/\/s.w.org\/images\/core\/emoji\/16.0.1\/svg\/1f4e9.svg\" alt=\"\ud83d\udce9\" \/>\u00a0To request a return, email:\u00a0<strong data-start=\"1772\" data-end=\"1791\"><a class=\"cursor-pointer\" rel=\"noopener\" data-start=\"1774\" data-end=\"1789\">info@fiboya.com<\/a><\/strong><\/p>\n<hr data-start=\"1793\" data-end=\"1796\" \/>\n<h4 data-start=\"1798\" data-end=\"1823\"><img decoding=\"async\" class=\"emoji\" role=\"img\" draggable=\"false\" src=\"https:\/\/s.w.org\/images\/core\/emoji\/16.0.1\/svg\/1f69a.svg\" alt=\"\ud83d\ude9a\" \/>\u00a0Shipping Policy<\/h4>\n<ul data-start=\"1824\" data-end=\"2033\">\n<li data-start=\"1824\" data-end=\"1857\">\n<p data-start=\"1826\" data-end=\"1857\"><strong data-start=\"1826\" data-end=\"1843\">Free shipping<\/strong>\u00a0in Helsinki<\/p>\n<\/li>\n<li data-start=\"1858\" data-end=\"1915\">\n<p data-start=\"1860\" data-end=\"1915\">For other areas, rates are calculated during checkout<\/p>\n<\/li>\n<li data-start=\"1916\" data-end=\"1973\">\n<p data-start=\"1918\" data-end=\"1973\">We aim to dispatch all orders within 2\u20133 working days<\/p>\n<\/li>\n<li data-start=\"1974\" data-end=\"2033\">\n<p data-start=\"1976\" data-end=\"2033\">You\u2019ll receive tracking info once your order is shipped<\/p>\n<\/li>\n<\/ul>\n<hr data-start=\"2035\" data-end=\"2038\" \/>\n<h4 data-start=\"2040\" data-end=\"2064\"><img decoding=\"async\" class=\"emoji\" role=\"img\" draggable=\"false\" src=\"https:\/\/s.w.org\/images\/core\/emoji\/16.0.1\/svg\/1f4b3.svg\" alt=\"\ud83d\udcb3\" \/>\u00a0Payment Policy<\/h4>\n<p data-start=\"2065\" data-end=\"2105\">We accept the following payment methods:<\/p>\n<ul data-start=\"2106\" data-end=\"2209\">\n<li data-start=\"2106\" data-end=\"2151\">\n<p data-start=\"2108\" data-end=\"2151\">Credit\/Debit Cards (Visa, MasterCard, etc.)<\/p>\n<\/li>\n<li data-start=\"2152\" data-end=\"2169\">\n<p data-start=\"2154\" data-end=\"2169\">Mobile payments<\/p>\n<\/li>\n<li data-start=\"2170\" data-end=\"2209\">\n<p data-start=\"2172\" data-end=\"2209\">Cash on Delivery (for selected areas)<\/p>\n<\/li>\n<\/ul>\n<p data-start=\"2211\" data-end=\"2282\">All transactions are processed securely using trusted payment gateways.<\/p>\n<hr data-start=\"2284\" data-end=\"2287\" \/>\n<h4 data-start=\"2289\" data-end=\"2313\"><img decoding=\"async\" class=\"emoji\" role=\"img\" draggable=\"false\" src=\"https:\/\/s.w.org\/images\/core\/emoji\/16.0.1\/svg\/1f36a.svg\" alt=\"\ud83c\udf6a\" \/>\u00a0Cookies Notice<\/h4>\n<p data-start=\"2314\" data-end=\"2342\">Our website uses cookies to:<\/p>\n<ul data-start=\"2343\" data-end=\"2473\">\n<li data-start=\"2343\" data-end=\"2379\">\n<p data-start=\"2345\" data-end=\"2379\">Improve your browsing experience<\/p>\n<\/li>\n<li data-start=\"2380\" data-end=\"2411\">\n<p data-start=\"2382\" data-end=\"2411\">Understand visitor behavior<\/p>\n<\/li>\n<li data-start=\"2412\" data-end=\"2473\">\n<p data-start=\"2414\" data-end=\"2473\">Enable essential site features like shopping cart and login<\/p>\n<\/li>\n<\/ul>\n<p data-start=\"2475\" data-end=\"2540\">You can manage cookies through your browser settings at any time<\/p>\t\t\t\t\t\t\t\t<\/div>\n\t\t\t\t<\/div>\n\t\t\t\t<\/div>\n\t\t<div class=\"elementor-element elementor-element-dc2f8ef e-con-full e-flex e-con e-child\" data-id=\"dc2f8ef\" data-element_type=\"container\">\n\t\t\t\t<div class=\"elementor-element elementor-element-5f30785 elementor-widget elementor-widget-text-editor\" data-id=\"5f30785\" data-element_type=\"widget\" data-widget_type=\"text-editor.default\">\n\t\t\t\t<div class=\"elementor-widget-container\">\n\t\t\t\t\t\t\t\t\t<h3 data-start=\"144\" data-end=\"193\">\ud83d\udcc4 K\u00e4yt\u00e4nn\u00f6t: Tietosuoja, Ehdot &amp; Palautukset<\/h3>\n<p data-start=\"195\" data-end=\"377\">\ud83d\udd10 <strong data-start=\"198\" data-end=\"220\">Tietosuojak\u00e4yt\u00e4nt\u00f6<\/strong><br data-start=\"220\" data-end=\"223\" \/>Fiboya Eco Creations kunnioittaa yksityisyytt\u00e4si. Olemme sitoutuneet suojelemaan henkil\u00f6tietojasi ja noudattamaan EU:n yleist\u00e4 tietosuoja-asetusta (GDPR).<\/p>\n<p data-start=\"379\" data-end=\"420\">Ker\u00e4\u00e4mme vain v\u00e4ltt\u00e4m\u00e4tt\u00f6m\u00e4t tiedot, kun:<\/p>\n<ul data-start=\"422\" data-end=\"491\">\n<li data-start=\"422\" data-end=\"440\">\n<p data-start=\"424\" data-end=\"440\">Teet tilauksen<\/p>\n<\/li>\n<li data-start=\"441\" data-end=\"466\">\n<p data-start=\"443\" data-end=\"466\">Tilaat uutiskirjeemme<\/p>\n<\/li>\n<li data-start=\"467\" data-end=\"491\">\n<p data-start=\"469\" data-end=\"491\">Otat meihin yhteytt\u00e4<\/p>\n<\/li>\n<\/ul>\n<p data-start=\"493\" data-end=\"594\">Tiedot voivat sis\u00e4lt\u00e4\u00e4 nimesi, s\u00e4hk\u00f6postiosoitteen, puhelinnumeron, toimitusosoitteen ja maksutiedot.<\/p>\n<p data-start=\"596\" data-end=\"761\">Emme jaa tai myy henkil\u00f6tietojasi kolmansille osapuolille, paitsi kun se on v\u00e4ltt\u00e4m\u00e4t\u00f6nt\u00e4 tilauksen toimittamiseksi (esim. toimituspalvelut, maksupalveluntarjoajat).<\/p>\n<p data-start=\"763\" data-end=\"781\">Sinulla on oikeus:<\/p>\n<ul data-start=\"783\" data-end=\"917\">\n<li data-start=\"783\" data-end=\"833\">\n<p data-start=\"785\" data-end=\"833\">Saada p\u00e4\u00e4sy omiin tietoihisi tai korjata niit\u00e4<\/p>\n<\/li>\n<li data-start=\"834\" data-end=\"877\">\n<p data-start=\"836\" data-end=\"877\">Peruuttaa suostumuksesi milloin tahansa<\/p>\n<\/li>\n<li data-start=\"878\" data-end=\"917\">\n<p data-start=\"880\" data-end=\"917\">Pyyt\u00e4\u00e4 henkil\u00f6tietojesi poistamista<\/p>\n<\/li>\n<\/ul>\n<p data-start=\"919\" data-end=\"975\">\ud83d\udce7 Yhteystiedot tietosuoja-asioissa: <strong data-start=\"956\" data-end=\"975\"><a class=\"cursor-pointer\" rel=\"noopener\" data-start=\"958\" data-end=\"973\">info@fiboya.com<\/a><\/strong><\/p>\n<p data-start=\"977\" data-end=\"1063\">\ud83d\udcdc <strong data-start=\"980\" data-end=\"995\">K\u00e4ytt\u00f6ehdot<\/strong><br data-start=\"995\" data-end=\"998\" \/>Tekem\u00e4ll\u00e4 tilauksen verkkosivustollamme hyv\u00e4ksyt seuraavat ehdot:<\/p>\n<ul data-start=\"1065\" data-end=\"1231\">\n<li data-start=\"1065\" data-end=\"1096\">\n<p data-start=\"1067\" data-end=\"1096\">Annat oikeat toimitustiedot<\/p>\n<\/li>\n<li data-start=\"1097\" data-end=\"1164\">\n<p data-start=\"1099\" data-end=\"1164\">Otat vastuun mahdollisista tullimaksuista (jos sovellettavissa)<\/p>\n<\/li>\n<li data-start=\"1165\" data-end=\"1231\">\n<p data-start=\"1167\" data-end=\"1231\">Et v\u00e4\u00e4rink\u00e4yt\u00e4 tai kopioi tuotteitamme tai sivustomme sis\u00e4lt\u00f6\u00e4<\/p>\n<\/li>\n<\/ul>\n<p data-start=\"1233\" data-end=\"1289\">Pid\u00e4t\u00e4mme oikeuden muuttaa n\u00e4it\u00e4 ehtoja milloin tahansa.<\/p>\n<p data-start=\"1291\" data-end=\"1401\">\ud83d\udd04 <strong data-start=\"1294\" data-end=\"1326\">Palautus- ja hyvitysk\u00e4yt\u00e4nt\u00f6<\/strong><br data-start=\"1326\" data-end=\"1329\" \/>Hyv\u00e4ksymme palautukset 14 p\u00e4iv\u00e4n sis\u00e4ll\u00e4 toimituksesta seuraavin ehdoin:<\/p>\n<ul data-start=\"1403\" data-end=\"1581\">\n<li data-start=\"1403\" data-end=\"1469\">\n<p data-start=\"1405\" data-end=\"1469\">Tuotteen tulee olla k\u00e4ytt\u00e4m\u00e4t\u00f6n ja alkuper\u00e4isess\u00e4 pakkauksessa<\/p>\n<\/li>\n<li data-start=\"1470\" data-end=\"1512\">\n<p data-start=\"1472\" data-end=\"1512\">Palautuskulut ovat asiakkaan vastuulla<\/p>\n<\/li>\n<li data-start=\"1513\" data-end=\"1581\">\n<p data-start=\"1515\" data-end=\"1581\">Hyvitys annetaan, kun olemme vastaanottaneet palautetun tuotteen<\/p>\n<\/li>\n<\/ul>\n<p data-start=\"1583\" data-end=\"1636\">\ud83d\udce9 Palautuspyynn\u00f6t s\u00e4hk\u00f6postitse: <strong data-start=\"1617\" data-end=\"1636\"><a class=\"cursor-pointer\" rel=\"noopener\" data-start=\"1619\" data-end=\"1634\">info@fiboya.com<\/a><\/strong><\/p>\n<p data-start=\"1638\" data-end=\"1663\">\ud83d\ude9a <strong data-start=\"1641\" data-end=\"1661\">Toimitusk\u00e4yt\u00e4nt\u00f6<\/strong><\/p>\n<ul data-start=\"1664\" data-end=\"1868\">\n<li data-start=\"1664\" data-end=\"1697\">\n<p data-start=\"1666\" data-end=\"1697\">Ilmainen toimitus Helsingiss\u00e4<\/p>\n<\/li>\n<li data-start=\"1698\" data-end=\"1751\">\n<p data-start=\"1700\" data-end=\"1751\">Muihin alueisiin toimituskulut lasketaan kassalla<\/p>\n<\/li>\n<li data-start=\"1752\" data-end=\"1815\">\n<p data-start=\"1754\" data-end=\"1815\">Pyrimme l\u00e4hett\u00e4m\u00e4\u00e4n kaikki tilaukset 2\u20133 arkip\u00e4iv\u00e4n sis\u00e4ll\u00e4<\/p>\n<\/li>\n<li data-start=\"1816\" data-end=\"1868\">\n<p data-start=\"1818\" data-end=\"1868\">Saat seurantatiedot, kun tilauksesi on l\u00e4hetetty<\/p>\n<\/li>\n<\/ul>\n<p data-start=\"1870\" data-end=\"1925\">\ud83d\udcb3 <strong data-start=\"1873\" data-end=\"1890\">Maksuk\u00e4yt\u00e4nt\u00f6<\/strong><br data-start=\"1890\" data-end=\"1893\" \/>Hyv\u00e4ksymme seuraavat maksutavat:<\/p>\n<ul data-start=\"1927\" data-end=\"2054\">\n<li data-start=\"1927\" data-end=\"1975\">\n<p data-start=\"1929\" data-end=\"1975\">Pankki-\/luottokortit (Visa, MasterCard jne.)<\/p>\n<\/li>\n<li data-start=\"1976\" data-end=\"1993\">\n<p data-start=\"1978\" data-end=\"1993\">Mobiilimaksut<\/p>\n<\/li>\n<li data-start=\"1994\" data-end=\"2054\">\n<p data-start=\"1996\" data-end=\"2054\">K\u00e4teismaksu toimituksen yhteydess\u00e4 (valituilla alueilla)<\/p>\n<\/li>\n<\/ul>\n<p data-start=\"2056\" data-end=\"2140\">Kaikki maksut k\u00e4sitell\u00e4\u00e4n turvallisesti luotettavien maksupalveluntarjoajien kautta.<\/p>\n<p data-start=\"2142\" data-end=\"2220\">\ud83c\udf6a <strong data-start=\"2145\" data-end=\"2163\">Ev\u00e4steilmoitus<\/strong><br data-start=\"2163\" data-end=\"2166\" \/>Sivustomme k\u00e4ytt\u00e4\u00e4 ev\u00e4steit\u00e4 seuraaviin tarkoituksiin:<\/p>\n<ul data-start=\"2222\" data-end=\"2371\">\n<li data-start=\"2222\" data-end=\"2252\">\n<p data-start=\"2224\" data-end=\"2252\">Parantaa selauskokemustasi<\/p>\n<\/li>\n<li data-start=\"2253\" data-end=\"2291\">\n<p data-start=\"2255\" data-end=\"2291\">Ymm\u00e4rt\u00e4\u00e4 k\u00e4vij\u00f6iden k\u00e4ytt\u00e4ytymist\u00e4<\/p>\n<\/li>\n<li data-start=\"2292\" data-end=\"2371\">\n<p data-start=\"2294\" data-end=\"2371\">Mahdollistaa olennaiset toiminnallisuudet, kuten ostoskori ja kirjautuminen<\/p>\n<\/li>\n<\/ul>\n<p data-start=\"2373\" data-end=\"2434\">Voit hallita ev\u00e4steit\u00e4 selaimesi asetuksista milloin tahansa.<\/p>\t\t\t\t\t\t\t\t<\/div>\n\t\t\t\t<\/div>\n\t\t\t\t<\/div>\n\t\t\t\t\t<\/div>\n\t\t\t\t<\/div>\n\t\t\t\t<\/div>","protected":false},"excerpt":{"rendered":"<p>\u00a0Policies: Privacy, Terms &amp; Returns \u00a0Privacy Policy At\u00a0Fiboya Eco Creations, your privacy is important to us. We are committed to protecting your personal data and complying with the EU General Data Protection Regulation (GDPR). We collect only necessary information when you: Place an order Subscribe to our newsletter Contact us This may include your name, [&hellip;]<\/p>","protected":false},"author":1,"featured_media":0,"parent":0,"menu_order":0,"comment_status":"closed","ping_status":"closed","template":"","meta":{"site-sidebar-layout":"default","site-content-layout":"","ast-site-content-layout":"default","site-content-style":"default","site-sidebar-style":"default","ast-global-header-display":"","ast-banner-title-visibility":"","ast-main-header-display":"","ast-hfb-above-header-display":"","ast-hfb-below-header-display":"","ast-hfb-mobile-header-display":"","site-post-title":"","ast-breadcrumbs-content":"","ast-featured-img":"","footer-sml-layout":"","theme-transparent-header-meta":"","adv-header-id-meta":"","stick-header-meta":"","header-above-stick-meta":"","header-main-stick-meta":"","header-below-stick-meta":"","astra-migrate-meta-layouts":"default","ast-page-background-enabled":"default","ast-page-background-meta":{"desktop":{"background-color":"","background-image":"","background-repeat":"repeat","background-position":"center center","background-size":"auto","background-attachment":"scroll","background-type":"","background-media":"","overlay-type":"","overlay-color":"","overlay-opacity":"","overlay-gradient":""},"tablet":{"background-color":"","background-image":"","background-repeat":"repeat","background-position":"center center","background-size":"auto","background-attachment":"scroll","background-type":"","background-media":"","overlay-type":"","overlay-color":"","overlay-opacity":"","overlay-gradient":""},"mobile":{"background-color":"","background-image":"","background-repeat":"repeat","background-position":"center center","background-size":"auto","background-attachment":"scroll","background-type":"","background-media":"","overlay-type":"","overlay-color":"","overlay-opacity":"","overlay-gradient":""}},"ast-content-background-meta":{"desktop":{"background-color":"var(--ast-global-color-5)","background-image":"","background-repeat":"repeat","background-position":"center center","background-size":"auto","background-attachment":"scroll","background-type":"","background-media":"","overlay-type":"","overlay-color":"","overlay-opacity":"","overlay-gradient":""},"tablet":{"background-color":"var(--ast-global-color-5)","background-image":"","background-repeat":"repeat","background-position":"center center","background-size":"auto","background-attachment":"scroll","background-type":"","background-media":"","overlay-type":"","overlay-color":"","overlay-opacity":"","overlay-gradient":""},"mobile":{"background-color":"var(--ast-global-color-5)","background-image":"","background-repeat":"repeat","background-position":"center center","background-size":"auto","background-attachment":"scroll","background-type":"","background-media":"","overlay-type":"","overlay-color":"","overlay-opacity":"","overlay-gradient":""}},"footnotes":""},"class_list":["post-3","page","type-page","status-publish","hentry"],"_links":{"self":[{"href":"https:\/\/fiboya.com\/fi\/wp-json\/wp\/v2\/pages\/3","targetHints":{"allow":["GET"]}}],"collection":[{"href":"https:\/\/fiboya.com\/fi\/wp-json\/wp\/v2\/pages"}],"about":[{"href":"https:\/\/fiboya.com\/fi\/wp-json\/wp\/v2\/types\/page"}],"author":[{"embeddable":true,"href":"https:\/\/fiboya.com\/fi\/wp-json\/wp\/v2\/users\/1"}],"replies":[{"embeddable":true,"href":"https:\/\/fiboya.com\/fi\/wp-json\/wp\/v2\/comments?post=3"}],"version-history":[{"count":16,"href":"https:\/\/fiboya.com\/fi\/wp-json\/wp\/v2\/pages\/3\/revisions"}],"predecessor-version":[{"id":4607,"href":"https:\/\/fiboya.com\/fi\/wp-json\/wp\/v2\/pages\/3\/revisions\/4607"}],"wp:attachment":[{"href":"https:\/\/fiboya.com\/fi\/wp-json\/wp\/v2\/media?parent=3"}],"curies":[{"name":"wp","href":"https:\/\/api.w.org\/{rel}","templated":true}]}}